{"id":11,"date":"2016-06-09T02:00:31","date_gmt":"2016-06-09T00:00:31","guid":{"rendered":"http:\/\/www.artgil.fr\/?page_id=11"},"modified":"2026-02-15T21:00:28","modified_gmt":"2026-02-15T20:00:28","slug":"contact","status":"publish","type":"page","link":"http:\/\/www.artgil.fr\/index.php\/contact\/","title":{"rendered":"Contact"},"content":{"rendered":"<p>&nbsp;<\/p>\n<h2><span class=\"textheading2\"><span style=\"text-decoration: underline;\">Pour me contacter<\/span> : <\/span><\/h2>\n<h2><span class=\"textheading2\">sur mon portable au 06 84 74 84 53<\/span><\/h2>\n<h2><span class=\"textheading2\">soit par mail sur : <a href=\"mailto:gil.faurie@orange.fr\"><span style=\"text-decoration: underline;\">gil.faurie@orange.fr<\/span><\/a>\u00a0<\/span><\/h2>\n<h2><span class=\"textheading2\"> je vous r\u00e9pondrai avec plaisir !<\/span><\/h2>\n<blockquote>\n<div><span style=\"color: #800000;\"><em>Gilbert FAURIE<\/em><\/span><\/div>\n<div><span style=\"color: #800000;\"><em>10 Rue du G\u00e9n\u00e9ral Koenig<\/em><\/span><\/div>\n<div><span style=\"color: #800000;\"><em>67590 Schweighouse sur Moder (\u00e0 5 km de Haguenau)<\/em><\/span><\/div>\n<div><span style=\"color: #800000;\">\u00a0<\/span><\/div>\n<\/blockquote>\n","protected":false},"excerpt":{"rendered":"<p>&nbsp; Pour me contacter : sur mon portable au 06 84 74 84 53 soit par mail sur : gil.faurie@orange.fr\u00a0 je vous r\u00e9pondrai avec plaisir ! Gilbert FAURIE 10 Rue du G\u00e9n\u00e9ral Koenig 67590 Schweighouse sur Moder (\u00e0 5 km de Haguenau) \u00a0<\/p>\n","protected":false},"author":1,"featured_media":0,"parent":0,"menu_order":0,"comment_status":"closed","ping_status":"closed","template":"","meta":{"footnotes":""},"class_list":["post-11","page","type-page","status-publish","hentry"],"_links":{"self":[{"href":"http:\/\/www.artgil.fr\/index.php\/wp-json\/wp\/v2\/pages\/11","targetHints":{"allow":["GET"]}}],"collection":[{"href":"http:\/\/www.artgil.fr\/index.php\/wp-json\/wp\/v2\/pages"}],"about":[{"href":"http:\/\/www.artgil.fr\/index.php\/wp-json\/wp\/v2\/types\/page"}],"author":[{"embeddable":true,"href":"http:\/\/www.artgil.fr\/index.php\/wp-json\/wp\/v2\/users\/1"}],"replies":[{"embeddable":true,"href":"http:\/\/www.artgil.fr\/index.php\/wp-json\/wp\/v2\/comments?post=11"}],"version-history":[{"count":16,"href":"http:\/\/www.artgil.fr\/index.php\/wp-json\/wp\/v2\/pages\/11\/revisions"}],"predecessor-version":[{"id":2008,"href":"http:\/\/www.artgil.fr\/index.php\/wp-json\/wp\/v2\/pages\/11\/revisions\/2008"}],"wp:attachment":[{"href":"http:\/\/www.artgil.fr\/index.php\/wp-json\/wp\/v2\/media?parent=11"}],"curies":[{"name":"wp","href":"https:\/\/api.w.org\/{rel}","templated":true}]}}